{"id":2,"date":"2022-05-05T18:44:12","date_gmt":"2022-05-05T18:44:12","guid":{"rendered":"https:\/\/barnabapyrak.pl\/?page_id=2"},"modified":"2023-08-08T20:42:11","modified_gmt":"2023-08-08T18:42:11","slug":"sample-page","status":"publish","type":"page","link":"https:\/\/barnabapyrak.pl\/index.php\/sample-page\/","title":{"rendered":"Sample Page"},"content":{"rendered":"\t\t<div data-elementor-type=\"wp-page\" data-elementor-id=\"2\" class=\"elementor elementor-2\">\n\t\t\t\t\t\t\t\t\t<section class=\"elementor-section elementor-top-section elementor-element elementor-element-245500f3 elementor-section-boxed elementor-section-height-default elementor-section-height-default\" data-id=\"245500f3\" data-element_type=\"section\">\n\t\t\t\t\t\t<div class=\"elementor-container elementor-column-gap-default\">\n\t\t\t\t\t<div class=\"elementor-column elementor-col-100 elementor-top-column elementor-element elementor-element-6103f1aa\" data-id=\"6103f1aa\" data-element_type=\"column\">\n\t\t\t<div class=\"elementor-widget-wrap elementor-element-populated\">\n\t\t\t\t\t\t\t\t<div class=\"elementor-element elementor-element-9b0d767 elementor-widget elementor-widget-video\" data-id=\"9b0d767\" data-element_type=\"widget\" data-settings=\"{&quot;youtube_url&quot;:&quot;https:\\\/\\\/www.youtube.com\\\/watch?v=i3ySTy-bqoY&quot;,&quot;video_type&quot;:&quot;youtube&quot;,&quot;controls&quot;:&quot;yes&quot;}\" data-widget_type=\"video.default\">\n\t\t\t\t<div class=\"elementor-widget-container\">\n\t\t\t<style>\/*! elementor - v3.18.0 - 20-12-2023 *\/\n.elementor-widget-video .elementor-widget-container{overflow:hidden;transform:translateZ(0)}.elementor-widget-video .elementor-wrapper{aspect-ratio:var(--video-aspect-ratio)}.elementor-widget-video .elementor-wrapper iframe,.elementor-widget-video .elementor-wrapper video{height:100%;width:100%;display:flex;border:none;background-color:#000}@supports not (aspect-ratio:1\/1){.elementor-widget-video .elementor-wrapper{position:relative;overflow:hidden;height:0;padding-bottom:calc(100% \/ var(--video-aspect-ratio))}.elementor-widget-video .elementor-wrapper iframe,.elementor-widget-video .elementor-wrapper video{position:absolute;top:0;right:0;bottom:0;left:0}}.elementor-widget-video .elementor-open-inline .elementor-custom-embed-image-overlay{position:absolute;top:0;right:0;bottom:0;left:0;background-size:cover;background-position:50%}.elementor-widget-video .elementor-custom-embed-image-overlay{cursor:pointer;text-align:center}.elementor-widget-video .elementor-custom-embed-image-overlay:hover .elementor-custom-embed-play i{opacity:1}.elementor-widget-video .elementor-custom-embed-image-overlay img{display:block;width:100%;aspect-ratio:var(--video-aspect-ratio);-o-object-fit:cover;object-fit:cover;-o-object-position:center center;object-position:center center}@supports not (aspect-ratio:1\/1){.elementor-widget-video .elementor-custom-embed-image-overlay{position:relative;overflow:hidden;height:0;padding-bottom:calc(100% \/ var(--video-aspect-ratio))}.elementor-widget-video .elementor-custom-embed-image-overlay img{position:absolute;top:0;right:0;bottom:0;left:0}}.elementor-widget-video .e-hosted-video .elementor-video{-o-object-fit:cover;object-fit:cover}.e-con-inner>.elementor-widget-video,.e-con>.elementor-widget-video{width:var(--container-widget-width);--flex-grow:var(--container-widget-flex-grow)}<\/style>\t\t<div class=\"elementor-wrapper elementor-open-inline\">\n\t\t\t<div class=\"elementor-video\"><\/div>\t\t<\/div>\n\t\t\t\t<\/div>\n\t\t\t\t<\/div>\n\t\t\t\t<div class=\"elementor-element elementor-element-6c5b2c2 elementor-widget elementor-widget-wp-widget-custom_html\" data-id=\"6c5b2c2\" data-element_type=\"widget\" data-widget_type=\"wp-widget-custom_html.default\">\n\t\t\t\t<div class=\"elementor-widget-container\">\n\t\t\t<h5>Czat<\/h5><div class=\"textwidget custom-html-widget\"><\/div>\t\t<\/div>\n\t\t\t\t<\/div>\n\t\t\t\t<div class=\"elementor-element elementor-element-4cf225b4 elementor-widget elementor-widget-text-editor\" data-id=\"4cf225b4\" data-element_type=\"widget\" data-widget_type=\"text-editor.default\">\n\t\t\t\t<div class=\"elementor-widget-container\">\n\t\t\t<style>\/*! elementor - v3.18.0 - 20-12-2023 *\/\n.elementor-widget-text-editor.elementor-drop-cap-view-stacked .elementor-drop-cap{background-color:#69727d;color:#fff}.elementor-widget-text-editor.elementor-drop-cap-view-framed .elementor-drop-cap{color:#69727d;border:3px solid;background-color:transparent}.elementor-widget-text-editor:not(.elementor-drop-cap-view-default) .elementor-drop-cap{margin-top:8px}.elementor-widget-text-editor:not(.elementor-drop-cap-view-default) .elementor-drop-cap-letter{width:1em;height:1em}.elementor-widget-text-editor .elementor-drop-cap{float:left;text-align:center;line-height:1;font-size:50px}.elementor-widget-text-editor .elementor-drop-cap-letter{display:inline-block}<\/style>\t\t\t\t<p><!-- wp:paragraph --><\/p>\n<blockquote class=\"wp-block-quote\">\n<p>Aby m\u00f3c do\u0142\u0105czy\u0107 do czatu musisz zalogowa\u0107 si\u0119 kontem Google<\/p>\n<p><!-- \/wp:paragraph --><\/p>\n<\/blockquote>\n<p><!-- \/wp:quote --><\/p>\n<p><!-- wp:paragraph --><\/p>\n<p>&#8230;or something like this:<\/p>\n<p><!-- \/wp:paragraph --><\/p>\n<p><!-- wp:quote --><\/p>\n<blockquote class=\"wp-block-quote\">\n<p><!-- wp:paragraph --><\/p>\n<p>The XYZ Doohickey Company was founded in 1971, and has been providing quality doohickeys to the public ever since. Located in Gotham City, XYZ employs over 2,000 people and does all kinds of awesome things for the Gotham community.<\/p>\n<p><!-- \/wp:paragraph --><\/p>\n<\/blockquote>\n<p><!-- \/wp:quote --><\/p>\n<p><!-- wp:paragraph --><\/p>\n<p>As a new WordPress user, you should go to <a href=\"https:\/\/barnabapyrak.pl\/wp-admin\/\">your dashboard<\/a> to delete this page and create new pages for your content. Have fun!<\/p>\n<p><!-- \/wp:paragraph --><\/p>\t\t\t\t\t\t<\/div>\n\t\t\t\t<\/div>\n\t\t\t\t\t<\/div>\n\t\t<\/div>\n\t\t\t\t\t\t\t<\/div>\n\t\t<\/section>\n\t\t\t\t\t\t\t<\/div>\n\t\t","protected":false},"excerpt":{"rendered":"<p>https:\/\/www.youtube.com\/watch?v=i3ySTy-bqoY Aby m\u00f3c do\u0142\u0105czy\u0107 do czatu musisz zalogowa\u0107 si\u0119 kontem Google &#8230;or something like this: The XYZ Doohickey Company was founded in 1971, and has been providing quality doohickeys to the public ever since. Located in Gotham City, XYZ employs over 2,000 people and does all kinds of awesome things for the Gotham community. As &hellip; <\/p>\n<p class=\"link-more\"><a href=\"https:\/\/barnabapyrak.pl\/index.php\/sample-page\/\" class=\"more-link\">Read more<span class=\"screen-reader-text\"> &#8222;Sample Page&#8221;<\/span><\/a><\/p>\n","protected":false},"author":1,"featured_media":0,"parent":0,"menu_order":0,"comment_status":"closed","ping_status":"open","template":"","meta":{"footnotes":""},"class_list":["post-2","page","type-page","status-publish","hentry"],"yoast_head":"<!-- This site is optimized with the Yoast SEO plugin v21.7 - https:\/\/yoast.com\/wordpress\/plugins\/seo\/ -->\n<title>Sample Page - Barnaba Pyrak - project manager, przedsi\u0119biorca<\/title>\n<meta name=\"robots\" content=\"index, follow, max-snippet:-1, max-image-preview:large, max-video-preview:-1\" \/>\n<link rel=\"canonical\" href=\"https:\/\/barnabapyrak.pl\/index.php\/sample-page\/\" \/>\n<meta property=\"og:locale\" content=\"pl_PL\" \/>\n<meta property=\"og:type\" content=\"article\" \/>\n<meta property=\"og:title\" content=\"Sample Page - Barnaba Pyrak - project manager, przedsi\u0119biorca\" \/>\n<meta property=\"og:description\" content=\"https:\/\/www.youtube.com\/watch?v=i3ySTy-bqoY Aby m\u00f3c do\u0142\u0105czy\u0107 do czatu musisz zalogowa\u0107 si\u0119 kontem Google &#8230;or something like this: The XYZ Doohickey Company was founded in 1971, and has been providing quality doohickeys to the public ever since. Located in Gotham City, XYZ employs over 2,000 people and does all kinds of awesome things for the Gotham community. As &hellip; Read more &quot;Sample Page&quot;\" \/>\n<meta property=\"og:url\" content=\"https:\/\/barnabapyrak.pl\/index.php\/sample-page\/\" \/>\n<meta property=\"og:site_name\" content=\"Barnaba Pyrak - project manager, przedsi\u0119biorca\" \/>\n<meta property=\"article:modified_time\" content=\"2023-08-08T18:42:11+00:00\" \/>\n<meta name=\"twitter:card\" content=\"summary_large_image\" \/>\n<meta name=\"twitter:label1\" content=\"Szacowany czas czytania\" \/>\n\t<meta name=\"twitter:data1\" content=\"1 minuta\" \/>\n<script type=\"application\/ld+json\" class=\"yoast-schema-graph\">{\"@context\":\"https:\/\/schema.org\",\"@graph\":[{\"@type\":\"WebPage\",\"@id\":\"https:\/\/barnabapyrak.pl\/index.php\/sample-page\/\",\"url\":\"https:\/\/barnabapyrak.pl\/index.php\/sample-page\/\",\"name\":\"Sample Page - Barnaba Pyrak - project manager, przedsi\u0119biorca\",\"isPartOf\":{\"@id\":\"https:\/\/barnabapyrak.pl\/#website\"},\"datePublished\":\"2022-05-05T18:44:12+00:00\",\"dateModified\":\"2023-08-08T18:42:11+00:00\",\"breadcrumb\":{\"@id\":\"https:\/\/barnabapyrak.pl\/index.php\/sample-page\/#breadcrumb\"},\"inLanguage\":\"pl-PL\",\"potentialAction\":[{\"@type\":\"ReadAction\",\"target\":[\"https:\/\/barnabapyrak.pl\/index.php\/sample-page\/\"]}]},{\"@type\":\"BreadcrumbList\",\"@id\":\"https:\/\/barnabapyrak.pl\/index.php\/sample-page\/#breadcrumb\",\"itemListElement\":[{\"@type\":\"ListItem\",\"position\":1,\"name\":\"Strona g\u0142\u00f3wna\",\"item\":\"https:\/\/barnabapyrak.pl\/\"},{\"@type\":\"ListItem\",\"position\":2,\"name\":\"Sample Page\"}]},{\"@type\":\"WebSite\",\"@id\":\"https:\/\/barnabapyrak.pl\/#website\",\"url\":\"https:\/\/barnabapyrak.pl\/\",\"name\":\"Barnaba Pyrak - project manager, przedsi\u0119biorca\",\"description\":\"Cze\u015b\u0107, jestem Barnaba. Od 20 lat upraszczam \u017cycie w firmach.\",\"potentialAction\":[{\"@type\":\"SearchAction\",\"target\":{\"@type\":\"EntryPoint\",\"urlTemplate\":\"https:\/\/barnabapyrak.pl\/?s={search_term_string}\"},\"query-input\":\"required name=search_term_string\"}],\"inLanguage\":\"pl-PL\"}]}<\/script>\n<!-- \/ Yoast SEO plugin. -->","yoast_head_json":{"title":"Sample Page - Barnaba Pyrak - project manager, przedsi\u0119biorca","robots":{"index":"index","follow":"follow","max-snippet":"max-snippet:-1","max-image-preview":"max-image-preview:large","max-video-preview":"max-video-preview:-1"},"canonical":"https:\/\/barnabapyrak.pl\/index.php\/sample-page\/","og_locale":"pl_PL","og_type":"article","og_title":"Sample Page - Barnaba Pyrak - project manager, przedsi\u0119biorca","og_description":"https:\/\/www.youtube.com\/watch?v=i3ySTy-bqoY Aby m\u00f3c do\u0142\u0105czy\u0107 do czatu musisz zalogowa\u0107 si\u0119 kontem Google &#8230;or something like this: The XYZ Doohickey Company was founded in 1971, and has been providing quality doohickeys to the public ever since. Located in Gotham City, XYZ employs over 2,000 people and does all kinds of awesome things for the Gotham community. As &hellip; Read more \"Sample Page\"","og_url":"https:\/\/barnabapyrak.pl\/index.php\/sample-page\/","og_site_name":"Barnaba Pyrak - project manager, przedsi\u0119biorca","article_modified_time":"2023-08-08T18:42:11+00:00","twitter_card":"summary_large_image","twitter_misc":{"Szacowany czas czytania":"1 minuta"},"schema":{"@context":"https:\/\/schema.org","@graph":[{"@type":"WebPage","@id":"https:\/\/barnabapyrak.pl\/index.php\/sample-page\/","url":"https:\/\/barnabapyrak.pl\/index.php\/sample-page\/","name":"Sample Page - Barnaba Pyrak - project manager, przedsi\u0119biorca","isPartOf":{"@id":"https:\/\/barnabapyrak.pl\/#website"},"datePublished":"2022-05-05T18:44:12+00:00","dateModified":"2023-08-08T18:42:11+00:00","breadcrumb":{"@id":"https:\/\/barnabapyrak.pl\/index.php\/sample-page\/#breadcrumb"},"inLanguage":"pl-PL","potentialAction":[{"@type":"ReadAction","target":["https:\/\/barnabapyrak.pl\/index.php\/sample-page\/"]}]},{"@type":"BreadcrumbList","@id":"https:\/\/barnabapyrak.pl\/index.php\/sample-page\/#breadcrumb","itemListElement":[{"@type":"ListItem","position":1,"name":"Strona g\u0142\u00f3wna","item":"https:\/\/barnabapyrak.pl\/"},{"@type":"ListItem","position":2,"name":"Sample Page"}]},{"@type":"WebSite","@id":"https:\/\/barnabapyrak.pl\/#website","url":"https:\/\/barnabapyrak.pl\/","name":"Barnaba Pyrak - project manager, przedsi\u0119biorca","description":"Cze\u015b\u0107, jestem Barnaba. Od 20 lat upraszczam \u017cycie w firmach.","potentialAction":[{"@type":"SearchAction","target":{"@type":"EntryPoint","urlTemplate":"https:\/\/barnabapyrak.pl\/?s={search_term_string}"},"query-input":"required name=search_term_string"}],"inLanguage":"pl-PL"}]}},"featured_media_urls":[],"_links":{"self":[{"href":"https:\/\/barnabapyrak.pl\/index.php\/wp-json\/wp\/v2\/pages\/2","targetHints":{"allow":["GET"]}}],"collection":[{"href":"https:\/\/barnabapyrak.pl\/index.php\/wp-json\/wp\/v2\/pages"}],"about":[{"href":"https:\/\/barnabapyrak.pl\/index.php\/wp-json\/wp\/v2\/types\/page"}],"author":[{"embeddable":true,"href":"https:\/\/barnabapyrak.pl\/index.php\/wp-json\/wp\/v2\/users\/1"}],"replies":[{"embeddable":true,"href":"https:\/\/barnabapyrak.pl\/index.php\/wp-json\/wp\/v2\/comments?post=2"}],"version-history":[{"count":16,"href":"https:\/\/barnabapyrak.pl\/index.php\/wp-json\/wp\/v2\/pages\/2\/revisions"}],"predecessor-version":[{"id":214,"href":"https:\/\/barnabapyrak.pl\/index.php\/wp-json\/wp\/v2\/pages\/2\/revisions\/214"}],"wp:attachment":[{"href":"https:\/\/barnabapyrak.pl\/index.php\/wp-json\/wp\/v2\/media?parent=2"}],"curies":[{"name":"wp","href":"https:\/\/api.w.org\/{rel}","templated":true}]}}