{"id":25,"date":"2022-05-05T19:08:03","date_gmt":"2022-05-05T19:08:03","guid":{"rendered":"https:\/\/barnabapyrak.pl\/?page_id=25"},"modified":"2022-05-05T19:08:03","modified_gmt":"2022-05-05T19:08:03","slug":"about","status":"publish","type":"page","link":"https:\/\/barnabapyrak.pl\/index.php\/about\/","title":{"rendered":"About"},"content":{"rendered":"\n                    \n                    <h2 class=\"has-large-font-size wp-block-heading\" id=\"inspiro-is-a-digital-product-agency-that-focuses-on-strategy-and-design\" style=\"font-style:normal;font-weight:100\"><strong>Inspiro is a digital product agency that focuses on strategy and design.<\/strong><\/h2>\n                    \n\n                    \n                    <div style=\"height:100px\" aria-hidden=\"true\" class=\"wp-block-spacer\"><\/div>\n                    \n\n                    \n                    <div class=\"wp-block-columns alignwide is-layout-flex wp-container-core-columns-is-layout-9d6595d7 wp-block-columns-is-layout-flex\">\n                    <div class=\"wp-block-column is-layout-flow wp-block-column-is-layout-flow\">\n                    <figure class=\"wp-block-image size-large\"><img decoding=\"async\" src=\"https:\/\/barnabapyrak.pl\/wp-content\/themes\/inspiro\/assets\/images\/video-1.jpeg\" alt=\"\"\/><\/figure>\n                    \n\n                    \n                    <p class=\"has-black-color has-text-color has-medium-font-size\"><a href=\"#\">The Crew<\/a><\/p>\n                    \n\n                    \n                    <p class=\"has-text-color\" style=\"color:#7a7a7a\">This is some dummy copy. You\u2019re not really supposed to read this dummy copy, it is just a place holder for people who need some type to visualize what the actual copy might look like if it were real content.<\/p>\n                    <\/div>\n                    \n\n                    \n                    <div class=\"wp-block-column is-layout-flow wp-block-column-is-layout-flow\">\n                    <figure class=\"wp-block-image size-large\"><img decoding=\"async\" src=\"https:\/\/barnabapyrak.pl\/wp-content\/themes\/inspiro\/assets\/images\/video-2.jpeg\" alt=\"\"\/><\/figure>\n                    \n\n                    \n                    <p class=\"has-black-color has-text-color has-medium-font-size\"><a href=\"#\">Our Philosophy<\/a><\/p>\n                    \n\n                    \n                    <p class=\"has-text-color\" style=\"color:#7a7a7a\">This is some dummy copy. You\u2019re not really supposed to read this dummy copy, it is just a place holder for people who need some type to visualize what the actual copy might look like if it were real content.<\/p>\n                    <\/div>\n                    \n\n                    \n                    <div class=\"wp-block-column is-layout-flow wp-block-column-is-layout-flow\">\n                    <figure class=\"wp-block-image size-large\"><img decoding=\"async\" src=\"https:\/\/barnabapyrak.pl\/wp-content\/themes\/inspiro\/assets\/images\/video-3.jpeg\" alt=\"\"\/><\/figure>\n                    \n\n                    \n                    <p class=\"has-black-color has-text-color has-medium-font-size\"><a href=\"#\">Services<\/a><\/p>\n                    \n\n                    \n                    <p class=\"has-text-color\" style=\"color:#7a7a7a\">This is some dummy copy. You\u2019re not really supposed to read this dummy copy, it is just a place holder for people who need some type to visualize what the actual copy might look like if it were real content.<\/p>\n                    <\/div>\n                    <\/div>\n                    \n\n                    \n                    <h3 class=\"has-large-font-size wp-block-heading\" id=\"inspiro-is-a-digital-product-agency-that-focuses-on-strategy-and-desig\" style=\"font-weight:300\">Showreel<\/h3>\n                    \n\n                    \n                    <figure class=\"wp-block-embed alignwide is-type-video is-provider-videopress wp-block-embed-videopress wp-embed-aspect-16-9 wp-has-aspect-ratio\"><div class=\"wp-block-embed__wrapper\">\n                    <iframe title=\"VideoPress Video Player\" aria-label='VideoPress Video Player' width='950' height='534' src='https:\/\/video.wordpress.com\/embed\/bjvmxiQS?hd=1&amp;cover=1' frameborder='0' allowfullscreen><\/iframe><script src='https:\/\/v0.wordpress.com\/js\/next\/videopress-iframe.js?m=1633526814'><\/script>\n                    <\/div><\/figure>\n                    \n\n                    \n                    <div style=\"height:100px\" aria-hidden=\"true\" class=\"wp-block-spacer\"><\/div>\n                    \n\n                    \n                    <div class=\"wp-block-cover alignfull\" style=\"padding-top:50px;padding-right:50px;padding-bottom:50px;padding-left:50px;min-height:316px;aspect-ratio:unset;\"><span aria-hidden=\"true\" class=\"has-black-background-color has-background-dim-100 wp-block-cover__gradient-background has-background-dim\"><\/span><div class=\"wp-block-cover__inner-container is-layout-flow wp-block-cover-is-layout-flow\">\n                    <div class=\"wp-block-columns are-vertically-aligned-center is-layout-flex wp-container-core-columns-is-layout-9d6595d7 wp-block-columns-is-layout-flex\">\n                    <div class=\"wp-block-column is-vertically-aligned-center is-layout-flow wp-block-column-is-layout-flow\" style=\"padding-top:20px;padding-right:0px;padding-bottom:20px;padding-left:0px\">\n                    <div class=\"wp-block-group is-content-justification-space-between is-nowrap is-layout-flex wp-container-core-group-is-layout-7ef4459a wp-block-group-is-layout-flex\">\n                    <figure class=\"wp-block-image size-full\"><img decoding=\"async\" src=\"https:\/\/barnabapyrak.pl\/wp-content\/themes\/inspiro\/assets\/images\/laurel_left.png\" alt=\"\"\/><\/figure>\n                    \n\n                    \n                    <div class=\"wp-block-group\"><div class=\"wp-block-group__inner-container is-layout-flow wp-block-group-is-layout-flow\">\n                    <p class=\"has-text-align-center has-white-color has-text-color\" style=\"font-size:18px;line-height:1\"><strong>&quot;Best Film&quot;<br><\/strong>Winner<\/p>\n                    <\/div><\/div>\n                    \n\n                    \n                    <figure class=\"wp-block-image size-full\"><img decoding=\"async\" src=\"https:\/\/barnabapyrak.pl\/wp-content\/themes\/inspiro\/assets\/images\/laurel_right.png\" alt=\"\"\/><\/figure>\n                    <\/div>\n                    <\/div>\n                    \n\n                    \n                    <div class=\"wp-block-column is-vertically-aligned-center is-layout-flow wp-block-column-is-layout-flow\" style=\"padding-top:20px;padding-right:0px;padding-bottom:20px;padding-left:0px\">\n                    <div class=\"wp-block-group is-content-justification-space-between is-nowrap is-layout-flex wp-container-core-group-is-layout-7ef4459a wp-block-group-is-layout-flex\">\n                    <figure class=\"wp-block-image size-full\"><img decoding=\"async\" src=\"https:\/\/barnabapyrak.pl\/wp-content\/themes\/inspiro\/assets\/images\/laurel_left.png\" alt=\"\"\/><\/figure>\n                    \n\n                    \n                    <div class=\"wp-block-group\"><div class=\"wp-block-group__inner-container is-layout-flow wp-block-group-is-layout-flow\">\n                    <p class=\"has-text-align-center has-white-color has-text-color\" style=\"font-size:18px;line-height:1\"><strong>&quot;New Film Festival&quot;<\/strong><br>Winner<\/p>\n                    <\/div><\/div>\n                    \n\n                    \n                    <figure class=\"wp-block-image size-full\"><img decoding=\"async\" src=\"https:\/\/barnabapyrak.pl\/wp-content\/themes\/inspiro\/assets\/images\/laurel_right.png\" alt=\"\"\/><\/figure>\n                    <\/div>\n                    <\/div>\n                    \n\n                    \n                    <div class=\"wp-block-column is-vertically-aligned-center is-layout-flow wp-block-column-is-layout-flow\" style=\"padding-top:20px;padding-right:0px;padding-bottom:20px;padding-left:0px\">\n                    <div class=\"wp-block-group is-content-justification-space-between is-nowrap is-layout-flex wp-container-core-group-is-layout-7ef4459a wp-block-group-is-layout-flex\">\n                    <figure class=\"wp-block-image size-full\"><img decoding=\"async\" src=\"https:\/\/barnabapyrak.pl\/wp-content\/themes\/inspiro\/assets\/images\/laurel_left.png\" alt=\"\"\/><\/figure>\n                    \n\n                    \n                    <div class=\"wp-block-group\"><div class=\"wp-block-group__inner-container is-layout-flow wp-block-group-is-layout-flow\">\n                    <p class=\"has-text-align-center has-white-color has-text-color\" style=\"font-size:18px;line-height:1\"><strong>&quot;Best Short&quot;<\/strong><br>Winner<\/p>\n                    <\/div><\/div>\n                    \n\n                    \n                    <figure class=\"wp-block-image size-full\"><img decoding=\"async\" src=\"https:\/\/barnabapyrak.pl\/wp-content\/themes\/inspiro\/assets\/images\/laurel_right.png\" alt=\"\"\/><\/figure>\n                    <\/div>\n                    <\/div>\n                    <\/div>\n                    <\/div><\/div>\n                    ","protected":false},"excerpt":{"rendered":"<p>Inspiro is a digital product agency that focuses on strategy and design. The Crew This is some dummy copy. You\u2019re not really supposed to read this dummy copy, it is just a place holder for people who need some type to visualize what the actual copy might look like if it were real content. Our &hellip; <\/p>\n<p class=\"link-more\"><a href=\"https:\/\/barnabapyrak.pl\/index.php\/about\/\" class=\"more-link\">Read more<span class=\"screen-reader-text\"> &#8222;About&#8221;<\/span><\/a><\/p>\n","protected":false},"author":1,"featured_media":23,"parent":0,"menu_order":0,"comment_status":"closed","ping_status":"closed","template":"","meta":{"footnotes":""},"class_list":["post-25","page","type-page","status-publish","has-post-thumbnail","hentry"],"yoast_head":"<!-- This site is optimized with the Yoast SEO plugin v21.7 - https:\/\/yoast.com\/wordpress\/plugins\/seo\/ -->\n<title>About - Barnaba Pyrak - project manager, przedsi\u0119biorca<\/title>\n<meta name=\"robots\" content=\"index, follow, max-snippet:-1, max-image-preview:large, max-video-preview:-1\" \/>\n<link rel=\"canonical\" href=\"https:\/\/barnabapyrak.pl\/index.php\/about\/\" \/>\n<meta property=\"og:locale\" content=\"pl_PL\" \/>\n<meta property=\"og:type\" content=\"article\" \/>\n<meta property=\"og:title\" content=\"About - Barnaba Pyrak - project manager, przedsi\u0119biorca\" \/>\n<meta property=\"og:description\" content=\"Inspiro is a digital product agency that focuses on strategy and design. The Crew This is some dummy copy. You\u2019re not really supposed to read this dummy copy, it is just a place holder for people who need some type to visualize what the actual copy might look like if it were real content. Our &hellip; Read more &quot;About&quot;\" \/>\n<meta property=\"og:url\" content=\"https:\/\/barnabapyrak.pl\/index.php\/about\/\" \/>\n<meta property=\"og:site_name\" content=\"Barnaba Pyrak - project manager, przedsi\u0119biorca\" \/>\n<meta property=\"og:image\" content=\"https:\/\/barnabapyrak.pl\/wp-content\/uploads\/2022\/05\/StockSnap_M6D1GS9PSL.jpg\" \/>\n\t<meta property=\"og:image:width\" content=\"2000\" \/>\n\t<meta property=\"og:image:height\" content=\"1317\" \/>\n\t<meta property=\"og:image:type\" content=\"image\/jpeg\" \/>\n<meta name=\"twitter:card\" content=\"summary_large_image\" \/>\n<meta name=\"twitter:label1\" content=\"Szacowany czas czytania\" \/>\n\t<meta name=\"twitter:data1\" content=\"1 minuta\" \/>\n<script type=\"application\/ld+json\" class=\"yoast-schema-graph\">{\"@context\":\"https:\/\/schema.org\",\"@graph\":[{\"@type\":\"WebPage\",\"@id\":\"https:\/\/barnabapyrak.pl\/index.php\/about\/\",\"url\":\"https:\/\/barnabapyrak.pl\/index.php\/about\/\",\"name\":\"About - Barnaba Pyrak - project manager, przedsi\u0119biorca\",\"isPartOf\":{\"@id\":\"https:\/\/barnabapyrak.pl\/#website\"},\"datePublished\":\"2022-05-05T19:08:03+00:00\",\"dateModified\":\"2022-05-05T19:08:03+00:00\",\"breadcrumb\":{\"@id\":\"https:\/\/barnabapyrak.pl\/index.php\/about\/#breadcrumb\"},\"inLanguage\":\"pl-PL\",\"potentialAction\":[{\"@type\":\"ReadAction\",\"target\":[\"https:\/\/barnabapyrak.pl\/index.php\/about\/\"]}]},{\"@type\":\"BreadcrumbList\",\"@id\":\"https:\/\/barnabapyrak.pl\/index.php\/about\/#breadcrumb\",\"itemListElement\":[{\"@type\":\"ListItem\",\"position\":1,\"name\":\"Strona g\u0142\u00f3wna\",\"item\":\"https:\/\/barnabapyrak.pl\/\"},{\"@type\":\"ListItem\",\"position\":2,\"name\":\"About\"}]},{\"@type\":\"WebSite\",\"@id\":\"https:\/\/barnabapyrak.pl\/#website\",\"url\":\"https:\/\/barnabapyrak.pl\/\",\"name\":\"Barnaba Pyrak - project manager, przedsi\u0119biorca\",\"description\":\"Cze\u015b\u0107, jestem Barnaba. Od 20 lat upraszczam \u017cycie w firmach.\",\"potentialAction\":[{\"@type\":\"SearchAction\",\"target\":{\"@type\":\"EntryPoint\",\"urlTemplate\":\"https:\/\/barnabapyrak.pl\/?s={search_term_string}\"},\"query-input\":\"required name=search_term_string\"}],\"inLanguage\":\"pl-PL\"}]}<\/script>\n<!-- \/ Yoast SEO plugin. -->","yoast_head_json":{"title":"About - Barnaba Pyrak - project manager, przedsi\u0119biorca","robots":{"index":"index","follow":"follow","max-snippet":"max-snippet:-1","max-image-preview":"max-image-preview:large","max-video-preview":"max-video-preview:-1"},"canonical":"https:\/\/barnabapyrak.pl\/index.php\/about\/","og_locale":"pl_PL","og_type":"article","og_title":"About - Barnaba Pyrak - project manager, przedsi\u0119biorca","og_description":"Inspiro is a digital product agency that focuses on strategy and design. The Crew This is some dummy copy. You\u2019re not really supposed to read this dummy copy, it is just a place holder for people who need some type to visualize what the actual copy might look like if it were real content. Our &hellip; Read more \"About\"","og_url":"https:\/\/barnabapyrak.pl\/index.php\/about\/","og_site_name":"Barnaba Pyrak - project manager, przedsi\u0119biorca","og_image":[{"width":2000,"height":1317,"url":"https:\/\/barnabapyrak.pl\/wp-content\/uploads\/2022\/05\/StockSnap_M6D1GS9PSL.jpg","type":"image\/jpeg"}],"twitter_card":"summary_large_image","twitter_misc":{"Szacowany czas czytania":"1 minuta"},"schema":{"@context":"https:\/\/schema.org","@graph":[{"@type":"WebPage","@id":"https:\/\/barnabapyrak.pl\/index.php\/about\/","url":"https:\/\/barnabapyrak.pl\/index.php\/about\/","name":"About - Barnaba Pyrak - project manager, przedsi\u0119biorca","isPartOf":{"@id":"https:\/\/barnabapyrak.pl\/#website"},"datePublished":"2022-05-05T19:08:03+00:00","dateModified":"2022-05-05T19:08:03+00:00","breadcrumb":{"@id":"https:\/\/barnabapyrak.pl\/index.php\/about\/#breadcrumb"},"inLanguage":"pl-PL","potentialAction":[{"@type":"ReadAction","target":["https:\/\/barnabapyrak.pl\/index.php\/about\/"]}]},{"@type":"BreadcrumbList","@id":"https:\/\/barnabapyrak.pl\/index.php\/about\/#breadcrumb","itemListElement":[{"@type":"ListItem","position":1,"name":"Strona g\u0142\u00f3wna","item":"https:\/\/barnabapyrak.pl\/"},{"@type":"ListItem","position":2,"name":"About"}]},{"@type":"WebSite","@id":"https:\/\/barnabapyrak.pl\/#website","url":"https:\/\/barnabapyrak.pl\/","name":"Barnaba Pyrak - project manager, przedsi\u0119biorca","description":"Cze\u015b\u0107, jestem Barnaba. Od 20 lat upraszczam \u017cycie w firmach.","potentialAction":[{"@type":"SearchAction","target":{"@type":"EntryPoint","urlTemplate":"https:\/\/barnabapyrak.pl\/?s={search_term_string}"},"query-input":"required name=search_term_string"}],"inLanguage":"pl-PL"}]}},"featured_media_urls":{"thumbnail":["https:\/\/barnabapyrak.pl\/wp-content\/uploads\/2022\/05\/StockSnap_M6D1GS9PSL-150x150.jpg",150,150,true],"medium":["https:\/\/barnabapyrak.pl\/wp-content\/uploads\/2022\/05\/StockSnap_M6D1GS9PSL-300x198.jpg",300,198,true],"medium_large":["https:\/\/barnabapyrak.pl\/wp-content\/uploads\/2022\/05\/StockSnap_M6D1GS9PSL-768x506.jpg",768,506,true],"large":["https:\/\/barnabapyrak.pl\/wp-content\/uploads\/2022\/05\/StockSnap_M6D1GS9PSL-1024x674.jpg",950,625,true],"1536x1536":["https:\/\/barnabapyrak.pl\/wp-content\/uploads\/2022\/05\/StockSnap_M6D1GS9PSL-1536x1011.jpg",1536,1011,true],"2048x2048":["https:\/\/barnabapyrak.pl\/wp-content\/uploads\/2022\/05\/StockSnap_M6D1GS9PSL.jpg",2000,1317,false],"inspiro-featured-image":["https:\/\/barnabapyrak.pl\/wp-content\/uploads\/2022\/05\/StockSnap_M6D1GS9PSL.jpg",2000,1317,false],"inspiro-loop":["https:\/\/barnabapyrak.pl\/wp-content\/uploads\/2022\/05\/StockSnap_M6D1GS9PSL-950x320.jpg",950,320,true],"inspiro-loop@2x":["https:\/\/barnabapyrak.pl\/wp-content\/uploads\/2022\/05\/StockSnap_M6D1GS9PSL-1900x640.jpg",1900,640,true],"portfolio_item-thumbnail":["https:\/\/barnabapyrak.pl\/wp-content\/uploads\/2022\/05\/StockSnap_M6D1GS9PSL.jpg",600,395,false],"portfolio_item-thumbnail@2x":["https:\/\/barnabapyrak.pl\/wp-content\/uploads\/2022\/05\/StockSnap_M6D1GS9PSL.jpg",1200,790,false],"portfolio_item-masonry":["https:\/\/barnabapyrak.pl\/wp-content\/uploads\/2022\/05\/StockSnap_M6D1GS9PSL.jpg",600,395,false],"portfolio_item-masonry@2x":["https:\/\/barnabapyrak.pl\/wp-content\/uploads\/2022\/05\/StockSnap_M6D1GS9PSL.jpg",1200,790,false],"portfolio_item-thumbnail_cinema":["https:\/\/barnabapyrak.pl\/wp-content\/uploads\/2022\/05\/StockSnap_M6D1GS9PSL.jpg",509,335,false],"portfolio_item-thumbnail_portrait":["https:\/\/barnabapyrak.pl\/wp-content\/uploads\/2022\/05\/StockSnap_M6D1GS9PSL.jpg",600,395,false],"portfolio_item-thumbnail_portrait@2x":["https:\/\/barnabapyrak.pl\/wp-content\/uploads\/2022\/05\/StockSnap_M6D1GS9PSL.jpg",1200,790,false],"portfolio_item-thumbnail_square":["https:\/\/barnabapyrak.pl\/wp-content\/uploads\/2022\/05\/StockSnap_M6D1GS9PSL.jpg",800,527,false]},"_links":{"self":[{"href":"https:\/\/barnabapyrak.pl\/index.php\/wp-json\/wp\/v2\/pages\/25","targetHints":{"allow":["GET"]}}],"collection":[{"href":"https:\/\/barnabapyrak.pl\/index.php\/wp-json\/wp\/v2\/pages"}],"about":[{"href":"https:\/\/barnabapyrak.pl\/index.php\/wp-json\/wp\/v2\/types\/page"}],"author":[{"embeddable":true,"href":"https:\/\/barnabapyrak.pl\/index.php\/wp-json\/wp\/v2\/users\/1"}],"replies":[{"embeddable":true,"href":"https:\/\/barnabapyrak.pl\/index.php\/wp-json\/wp\/v2\/comments?post=25"}],"version-history":[{"count":1,"href":"https:\/\/barnabapyrak.pl\/index.php\/wp-json\/wp\/v2\/pages\/25\/revisions"}],"predecessor-version":[{"id":30,"href":"https:\/\/barnabapyrak.pl\/index.php\/wp-json\/wp\/v2\/pages\/25\/revisions\/30"}],"wp:featuredmedia":[{"embeddable":true,"href":"https:\/\/barnabapyrak.pl\/index.php\/wp-json\/wp\/v2\/media\/23"}],"wp:attachment":[{"href":"https:\/\/barnabapyrak.pl\/index.php\/wp-json\/wp\/v2\/media?parent=25"}],"curies":[{"name":"wp","href":"https:\/\/api.w.org\/{rel}","templated":true}]}}